{"id":1207,"date":"2023-06-20T09:51:05","date_gmt":"2023-06-20T06:51:05","guid":{"rendered":"https:\/\/gurseller.com\/%d9%85%d8%b9%d9%84%d9%88%d9%85%d8%a7%d8%aa-%d8%b9%d9%86%d8%a7\/"},"modified":"2023-06-20T09:51:05","modified_gmt":"2023-06-20T06:51:05","slug":"%d9%85%d8%b9%d9%84%d9%88%d9%85%d8%a7%d8%aa-%d8%b9%d9%86%d8%a7","status":"publish","type":"page","link":"https:\/\/gurseller.com\/ar\/%d9%85%d8%b9%d9%84%d9%88%d9%85%d8%a7%d8%aa-%d8%b9%d9%86%d8%a7\/","title":{"rendered":"\u0645\u0639\u0644\u0648\u0645\u0627\u062a \u0639\u0646\u0627"},"content":{"rendered":"","protected":false},"excerpt":{"rendered":"","protected":false},"author":1,"featured_media":0,"parent":0,"menu_order":0,"comment_status":"closed","ping_status":"closed","template":"","meta":{"_joinchat":[],"footnotes":""},"class_list":["post-1207","page","type-page","status-publish","hentry","prodpage-style3"],"yoast_head":"<!-- This site is optimized with the Yoast SEO plugin v22.0 - https:\/\/yoast.com\/wordpress\/plugins\/seo\/ -->\n<title>\u0645\u0639\u0644\u0648\u0645\u0627\u062a \u0639\u0646\u0627 - G\u00fcrseller Kozmetik<\/title>\n<meta name=\"robots\" content=\"index, follow, max-snippet:-1, max-image-preview:large, max-video-preview:-1\" \/>\n<link rel=\"canonical\" href=\"https:\/\/gurseller.com\/ar\/%d9%85%d8%b9%d9%84%d9%88%d9%85%d8%a7%d8%aa-%d8%b9%d9%86%d8%a7\/\" \/>\n<meta property=\"og:locale\" content=\"ar_AR\" \/>\n<meta property=\"og:type\" content=\"article\" \/>\n<meta property=\"og:title\" content=\"\u0645\u0639\u0644\u0648\u0645\u0627\u062a \u0639\u0646\u0627 - G\u00fcrseller Kozmetik\" \/>\n<meta property=\"og:url\" content=\"https:\/\/gurseller.com\/ar\/%d9%85%d8%b9%d9%84%d9%88%d9%85%d8%a7%d8%aa-%d8%b9%d9%86%d8%a7\/\" \/>\n<meta property=\"og:site_name\" content=\"G\u00fcrseller Kozmetik\" \/>\n<meta name=\"twitter:card\" content=\"summary_large_image\" \/>\n<script type=\"application\/ld+json\" class=\"yoast-schema-graph\">{\"@context\":\"https:\/\/schema.org\",\"@graph\":[{\"@type\":\"WebPage\",\"@id\":\"https:\/\/gurseller.com\/ar\/%d9%85%d8%b9%d9%84%d9%88%d9%85%d8%a7%d8%aa-%d8%b9%d9%86%d8%a7\/\",\"url\":\"https:\/\/gurseller.com\/ar\/%d9%85%d8%b9%d9%84%d9%88%d9%85%d8%a7%d8%aa-%d8%b9%d9%86%d8%a7\/\",\"name\":\"\u0645\u0639\u0644\u0648\u0645\u0627\u062a \u0639\u0646\u0627 - G\u00fcrseller Kozmetik\",\"isPartOf\":{\"@id\":\"https:\/\/gurseller.com\/ar\/#website\"},\"datePublished\":\"2023-06-20T06:51:05+00:00\",\"dateModified\":\"2023-06-20T06:51:05+00:00\",\"breadcrumb\":{\"@id\":\"https:\/\/gurseller.com\/ar\/%d9%85%d8%b9%d9%84%d9%88%d9%85%d8%a7%d8%aa-%d8%b9%d9%86%d8%a7\/#breadcrumb\"},\"inLanguage\":\"ar\",\"potentialAction\":[{\"@type\":\"ReadAction\",\"target\":[\"https:\/\/gurseller.com\/ar\/%d9%85%d8%b9%d9%84%d9%88%d9%85%d8%a7%d8%aa-%d8%b9%d9%86%d8%a7\/\"]}]},{\"@type\":\"BreadcrumbList\",\"@id\":\"https:\/\/gurseller.com\/ar\/%d9%85%d8%b9%d9%84%d9%88%d9%85%d8%a7%d8%aa-%d8%b9%d9%86%d8%a7\/#breadcrumb\",\"itemListElement\":[{\"@type\":\"ListItem\",\"position\":1,\"name\":\"Anasayfa\",\"item\":\"https:\/\/gurseller.com\/ar\/\"},{\"@type\":\"ListItem\",\"position\":2,\"name\":\"\u0645\u0639\u0644\u0648\u0645\u0627\u062a \u0639\u0646\u0627\"}]},{\"@type\":\"WebSite\",\"@id\":\"https:\/\/gurseller.com\/ar\/#website\",\"url\":\"https:\/\/gurseller.com\/ar\/\",\"name\":\"G\u00fcrseller Kozmetik\",\"description\":\"Yap\u0131m A\u015famas\u0131nday\u0131z!\",\"potentialAction\":[{\"@type\":\"SearchAction\",\"target\":{\"@type\":\"EntryPoint\",\"urlTemplate\":\"https:\/\/gurseller.com\/ar\/?s={search_term_string}\"},\"query-input\":\"required name=search_term_string\"}],\"inLanguage\":\"ar\"}]}<\/script>\n<!-- \/ Yoast SEO plugin. -->","yoast_head_json":{"title":"\u0645\u0639\u0644\u0648\u0645\u0627\u062a \u0639\u0646\u0627 - G\u00fcrseller Kozmetik","robots":{"index":"index","follow":"follow","max-snippet":"max-snippet:-1","max-image-preview":"max-image-preview:large","max-video-preview":"max-video-preview:-1"},"canonical":"https:\/\/gurseller.com\/ar\/%d9%85%d8%b9%d9%84%d9%88%d9%85%d8%a7%d8%aa-%d8%b9%d9%86%d8%a7\/","og_locale":"ar_AR","og_type":"article","og_title":"\u0645\u0639\u0644\u0648\u0645\u0627\u062a \u0639\u0646\u0627 - G\u00fcrseller Kozmetik","og_url":"https:\/\/gurseller.com\/ar\/%d9%85%d8%b9%d9%84%d9%88%d9%85%d8%a7%d8%aa-%d8%b9%d9%86%d8%a7\/","og_site_name":"G\u00fcrseller Kozmetik","twitter_card":"summary_large_image","schema":{"@context":"https:\/\/schema.org","@graph":[{"@type":"WebPage","@id":"https:\/\/gurseller.com\/ar\/%d9%85%d8%b9%d9%84%d9%88%d9%85%d8%a7%d8%aa-%d8%b9%d9%86%d8%a7\/","url":"https:\/\/gurseller.com\/ar\/%d9%85%d8%b9%d9%84%d9%88%d9%85%d8%a7%d8%aa-%d8%b9%d9%86%d8%a7\/","name":"\u0645\u0639\u0644\u0648\u0645\u0627\u062a \u0639\u0646\u0627 - G\u00fcrseller Kozmetik","isPartOf":{"@id":"https:\/\/gurseller.com\/ar\/#website"},"datePublished":"2023-06-20T06:51:05+00:00","dateModified":"2023-06-20T06:51:05+00:00","breadcrumb":{"@id":"https:\/\/gurseller.com\/ar\/%d9%85%d8%b9%d9%84%d9%88%d9%85%d8%a7%d8%aa-%d8%b9%d9%86%d8%a7\/#breadcrumb"},"inLanguage":"ar","potentialAction":[{"@type":"ReadAction","target":["https:\/\/gurseller.com\/ar\/%d9%85%d8%b9%d9%84%d9%88%d9%85%d8%a7%d8%aa-%d8%b9%d9%86%d8%a7\/"]}]},{"@type":"BreadcrumbList","@id":"https:\/\/gurseller.com\/ar\/%d9%85%d8%b9%d9%84%d9%88%d9%85%d8%a7%d8%aa-%d8%b9%d9%86%d8%a7\/#breadcrumb","itemListElement":[{"@type":"ListItem","position":1,"name":"Anasayfa","item":"https:\/\/gurseller.com\/ar\/"},{"@type":"ListItem","position":2,"name":"\u0645\u0639\u0644\u0648\u0645\u0627\u062a \u0639\u0646\u0627"}]},{"@type":"WebSite","@id":"https:\/\/gurseller.com\/ar\/#website","url":"https:\/\/gurseller.com\/ar\/","name":"G\u00fcrseller Kozmetik","description":"Yap\u0131m A\u015famas\u0131nday\u0131z!","potentialAction":[{"@type":"SearchAction","target":{"@type":"EntryPoint","urlTemplate":"https:\/\/gurseller.com\/ar\/?s={search_term_string}"},"query-input":"required name=search_term_string"}],"inLanguage":"ar"}]}},"_links":{"self":[{"href":"https:\/\/gurseller.com\/ar\/wp-json\/wp\/v2\/pages\/1207","targetHints":{"allow":["GET"]}}],"collection":[{"href":"https:\/\/gurseller.com\/ar\/wp-json\/wp\/v2\/pages"}],"about":[{"href":"https:\/\/gurseller.com\/ar\/wp-json\/wp\/v2\/types\/page"}],"author":[{"embeddable":true,"href":"https:\/\/gurseller.com\/ar\/wp-json\/wp\/v2\/users\/1"}],"replies":[{"embeddable":true,"href":"https:\/\/gurseller.com\/ar\/wp-json\/wp\/v2\/comments?post=1207"}],"version-history":[{"count":0,"href":"https:\/\/gurseller.com\/ar\/wp-json\/wp\/v2\/pages\/1207\/revisions"}],"wp:attachment":[{"href":"https:\/\/gurseller.com\/ar\/wp-json\/wp\/v2\/media?parent=1207"}],"curies":[{"name":"wp","href":"https:\/\/api.w.org\/{rel}","templated":true}]}}