{"id":1298,"date":"2023-08-24T09:58:23","date_gmt":"2023-08-24T06:58:23","guid":{"rendered":"https:\/\/gurseller.com\/urunler\/%d8%b9%d9%88%d8%a7-%d8%a3%d9%88%d8%aa%d9%88%d9%85%d8%a7%d8%aa-%d8%a3%d8%a8%d9%8a%d8%b6-%d9%88%d8%a3%d9%84%d9%88%d8%a7%d9%86-9-%d9%83%d8%ac%d9%85\/"},"modified":"2023-08-24T09:58:23","modified_gmt":"2023-08-24T06:58:23","slug":"%d8%a3%d9%88%d9%88%d8%a7-%d8%a3%d9%88%d8%aa%d9%88%d9%85%d8%a7%d8%aa%d9%8a%d9%83-%d8%a3%d8%a8%d9%8a%d8%b6-%d9%88%d8%a3%d9%84%d9%88%d8%a7%d9%86-9-%d9%83%d9%8a%d9%84%d9%88","status":"publish","type":"product","link":"https:\/\/gurseller.com\/ar\/urunler\/%d8%a3%d9%88%d9%88%d8%a7-%d8%a3%d9%88%d8%aa%d9%88%d9%85%d8%a7%d8%aa%d9%8a%d9%83-%d8%a3%d8%a8%d9%8a%d8%b6-%d9%88%d8%a3%d9%84%d9%88%d8%a7%d9%86-9-%d9%83%d9%8a%d9%84%d9%88\/","title":{"rendered":"\u0639\u0648\u0627 \u0623\u0648\u062a\u0648\u0645\u0627\u062a \u0623\u0628\u064a\u0636 \u0648\u0623\u0644\u0648\u0627\u0646 9 \u0643\u062c\u0645"},"content":{"rendered":"<p>\u0643\u0644 \u0645\u0627 \u062a\u062d\u062a\u0627\u062c\u0647 \u0644\u062a\u062d\u0642\u064a\u0642 \u0646\u062a\u0627\u0626\u062c \u063a\u0633\u064a\u0644 \u0645\u062b\u0627\u0644\u064a\u0629 \u0645\u0646 Pelicell Automat \u0646\u0633\u064a\u0645 \u0627\u0644\u0644\u0627\u0641\u0646\u062f\u0631. \u062a\u0631\u0643\u064a\u0628\u062a\u0647 \u0627\u0644\u062c\u062f\u064a\u062f\u0629 \u060c \u0627\u0644\u062a\u064a \u062a\u062d\u062a\u0648\u064a \u0639\u0644\u0649 \u0645\u0632\u064a\u062c \u0641\u0631\u064a\u062f \u0645\u0646 \u0627\u0644\u0645\u0643\u0648\u0646\u0627\u062a \u0627\u0644\u0646\u0634\u0637\u0629 \u060c \u062a\u0648\u0641\u0631 \u062d\u0644 \u063a\u0633\u064a\u0644 \u0644\u0627 \u062a\u0634\u0648\u0628\u0647 \u0634\u0627\u0626\u0628\u0629 \u062a\u0645\u0627\u0645\u064b\u0627.<\/p>\n","protected":false},"excerpt":{"rendered":"<p>\u0643\u0644 \u0645\u0627 \u062a\u062d\u062a\u0627\u062c\u0647 \u0644\u062a\u062d\u0642\u064a\u0642 \u0646\u062a\u0627\u0626\u062c \u0645\u062b\u0627\u0644\u064a\u0629 \u0644\u0644\u063a\u0633\u064a\u0644.<\/p>\n","protected":false},"featured_media":1278,"comment_status":"closed","ping_status":"closed","template":"","meta":{"_joinchat":[]},"product_cat":[524],"product_tag":[],"class_list":{"0":"post-1298","1":"product","2":"type-product","3":"status-publish","4":"has-post-thumbnail","6":"product_cat-524","8":"first","9":"instock","10":"shipping-taxable","11":"product-type-simple","12":"prodpage-style3"},"yoast_head":"<!-- This site is optimized with the Yoast SEO plugin v22.0 - https:\/\/yoast.com\/wordpress\/plugins\/seo\/ -->\n<title>\u0639\u0648\u0627 \u0623\u0648\u062a\u0648\u0645\u0627\u062a \u0623\u0628\u064a\u0636 \u0648\u0623\u0644\u0648\u0627\u0646 9 \u0643\u062c\u0645 - G\u00fcrseller Kozmetik<\/title>\n<meta name=\"robots\" content=\"index, follow, max-snippet:-1, max-image-preview:large, max-video-preview:-1\" \/>\n<link rel=\"canonical\" href=\"https:\/\/gurseller.com\/ar\/urunler\/%d8%a3%d9%88%d9%88%d8%a7-%d8%a3%d9%88%d8%aa%d9%88%d9%85%d8%a7%d8%aa%d9%8a%d9%83-%d8%a3%d8%a8%d9%8a%d8%b6-%d9%88%d8%a3%d9%84%d9%88%d8%a7%d9%86-9-%d9%83%d9%8a%d9%84%d9%88\/\" \/>\n<meta property=\"og:locale\" content=\"ar_AR\" \/>\n<meta property=\"og:type\" content=\"article\" \/>\n<meta property=\"og:title\" content=\"\u0639\u0648\u0627 \u0623\u0648\u062a\u0648\u0645\u0627\u062a \u0623\u0628\u064a\u0636 \u0648\u0623\u0644\u0648\u0627\u0646 9 \u0643\u062c\u0645 - G\u00fcrseller Kozmetik\" \/>\n<meta property=\"og:description\" content=\"\u0643\u0644 \u0645\u0627 \u062a\u062d\u062a\u0627\u062c\u0647 \u0644\u062a\u062d\u0642\u064a\u0642 \u0646\u062a\u0627\u0626\u062c \u0645\u062b\u0627\u0644\u064a\u0629 \u0644\u0644\u063a\u0633\u064a\u0644.\" \/>\n<meta property=\"og:url\" content=\"https:\/\/gurseller.com\/ar\/urunler\/%d8%a3%d9%88%d9%88%d8%a7-%d8%a3%d9%88%d8%aa%d9%88%d9%85%d8%a7%d8%aa%d9%8a%d9%83-%d8%a3%d8%a8%d9%8a%d8%b6-%d9%88%d8%a3%d9%84%d9%88%d8%a7%d9%86-9-%d9%83%d9%8a%d9%84%d9%88\/\" \/>\n<meta property=\"og:site_name\" content=\"G\u00fcrseller Kozmetik\" \/>\n<meta property=\"og:image\" content=\"https:\/\/gurseller.com\/wp-content\/uploads\/2023\/08\/awwa-automat-9kg-beyaz-renkli-showcase.webp\" \/>\n\t<meta property=\"og:image:width\" content=\"800\" \/>\n\t<meta property=\"og:image:height\" content=\"800\" \/>\n\t<meta property=\"og:image:type\" content=\"image\/webp\" \/>\n<meta name=\"twitter:card\" content=\"summary_large_image\" \/>\n<script type=\"application\/ld+json\" class=\"yoast-schema-graph\">{\"@context\":\"https:\/\/schema.org\",\"@graph\":[{\"@type\":\"WebPage\",\"@id\":\"https:\/\/gurseller.com\/ar\/urunler\/%d8%a3%d9%88%d9%88%d8%a7-%d8%a3%d9%88%d8%aa%d9%88%d9%85%d8%a7%d8%aa%d9%8a%d9%83-%d8%a3%d8%a8%d9%8a%d8%b6-%d9%88%d8%a3%d9%84%d9%88%d8%a7%d9%86-9-%d9%83%d9%8a%d9%84%d9%88\/\",\"url\":\"https:\/\/gurseller.com\/ar\/urunler\/%d8%a3%d9%88%d9%88%d8%a7-%d8%a3%d9%88%d8%aa%d9%88%d9%85%d8%a7%d8%aa%d9%8a%d9%83-%d8%a3%d8%a8%d9%8a%d8%b6-%d9%88%d8%a3%d9%84%d9%88%d8%a7%d9%86-9-%d9%83%d9%8a%d9%84%d9%88\/\",\"name\":\"\u0639\u0648\u0627 \u0623\u0648\u062a\u0648\u0645\u0627\u062a \u0623\u0628\u064a\u0636 \u0648\u0623\u0644\u0648\u0627\u0646 9 \u0643\u062c\u0645 - G\u00fcrseller Kozmetik\",\"isPartOf\":{\"@id\":\"https:\/\/gurseller.com\/ar\/#website\"},\"datePublished\":\"2023-08-24T06:58:23+00:00\",\"dateModified\":\"2023-08-24T06:58:23+00:00\",\"breadcrumb\":{\"@id\":\"https:\/\/gurseller.com\/ar\/urunler\/%d8%a3%d9%88%d9%88%d8%a7-%d8%a3%d9%88%d8%aa%d9%88%d9%85%d8%a7%d8%aa%d9%8a%d9%83-%d8%a3%d8%a8%d9%8a%d8%b6-%d9%88%d8%a3%d9%84%d9%88%d8%a7%d9%86-9-%d9%83%d9%8a%d9%84%d9%88\/#breadcrumb\"},\"inLanguage\":\"ar\",\"potentialAction\":[{\"@type\":\"ReadAction\",\"target\":[\"https:\/\/gurseller.com\/ar\/urunler\/%d8%a3%d9%88%d9%88%d8%a7-%d8%a3%d9%88%d8%aa%d9%88%d9%85%d8%a7%d8%aa%d9%8a%d9%83-%d8%a3%d8%a8%d9%8a%d8%b6-%d9%88%d8%a3%d9%84%d9%88%d8%a7%d9%86-9-%d9%83%d9%8a%d9%84%d9%88\/\"]}]},{\"@type\":\"BreadcrumbList\",\"@id\":\"https:\/\/gurseller.com\/ar\/urunler\/%d8%a3%d9%88%d9%88%d8%a7-%d8%a3%d9%88%d8%aa%d9%88%d9%85%d8%a7%d8%aa%d9%8a%d9%83-%d8%a3%d8%a8%d9%8a%d8%b6-%d9%88%d8%a3%d9%84%d9%88%d8%a7%d9%86-9-%d9%83%d9%8a%d9%84%d9%88\/#breadcrumb\",\"itemListElement\":[{\"@type\":\"ListItem\",\"position\":1,\"name\":\"Anasayfa\",\"item\":\"https:\/\/gurseller.com\/ar\/\"},{\"@type\":\"ListItem\",\"position\":2,\"name\":\"\u00dcr\u00fcnler\",\"item\":\"https:\/\/gurseller.com\/urunler\/\"},{\"@type\":\"ListItem\",\"position\":3,\"name\":\"\u0639\u0648\u0627 \u0623\u0648\u062a\u0648\u0645\u0627\u062a \u0623\u0628\u064a\u0636 \u0648\u0623\u0644\u0648\u0627\u0646 9 \u0643\u062c\u0645\"}]},{\"@type\":\"WebSite\",\"@id\":\"https:\/\/gurseller.com\/ar\/#website\",\"url\":\"https:\/\/gurseller.com\/ar\/\",\"name\":\"G\u00fcrseller Kozmetik\",\"description\":\"Yap\u0131m A\u015famas\u0131nday\u0131z!\",\"potentialAction\":[{\"@type\":\"SearchAction\",\"target\":{\"@type\":\"EntryPoint\",\"urlTemplate\":\"https:\/\/gurseller.com\/ar\/?s={search_term_string}\"},\"query-input\":\"required name=search_term_string\"}],\"inLanguage\":\"ar\"}]}<\/script>\n<!-- \/ Yoast SEO plugin. -->","yoast_head_json":{"title":"\u0639\u0648\u0627 \u0623\u0648\u062a\u0648\u0645\u0627\u062a \u0623\u0628\u064a\u0636 \u0648\u0623\u0644\u0648\u0627\u0646 9 \u0643\u062c\u0645 - G\u00fcrseller Kozmetik","robots":{"index":"index","follow":"follow","max-snippet":"max-snippet:-1","max-image-preview":"max-image-preview:large","max-video-preview":"max-video-preview:-1"},"canonical":"https:\/\/gurseller.com\/ar\/urunler\/%d8%a3%d9%88%d9%88%d8%a7-%d8%a3%d9%88%d8%aa%d9%88%d9%85%d8%a7%d8%aa%d9%8a%d9%83-%d8%a3%d8%a8%d9%8a%d8%b6-%d9%88%d8%a3%d9%84%d9%88%d8%a7%d9%86-9-%d9%83%d9%8a%d9%84%d9%88\/","og_locale":"ar_AR","og_type":"article","og_title":"\u0639\u0648\u0627 \u0623\u0648\u062a\u0648\u0645\u0627\u062a \u0623\u0628\u064a\u0636 \u0648\u0623\u0644\u0648\u0627\u0646 9 \u0643\u062c\u0645 - G\u00fcrseller Kozmetik","og_description":"\u0643\u0644 \u0645\u0627 \u062a\u062d\u062a\u0627\u062c\u0647 \u0644\u062a\u062d\u0642\u064a\u0642 \u0646\u062a\u0627\u0626\u062c \u0645\u062b\u0627\u0644\u064a\u0629 \u0644\u0644\u063a\u0633\u064a\u0644.","og_url":"https:\/\/gurseller.com\/ar\/urunler\/%d8%a3%d9%88%d9%88%d8%a7-%d8%a3%d9%88%d8%aa%d9%88%d9%85%d8%a7%d8%aa%d9%8a%d9%83-%d8%a3%d8%a8%d9%8a%d8%b6-%d9%88%d8%a3%d9%84%d9%88%d8%a7%d9%86-9-%d9%83%d9%8a%d9%84%d9%88\/","og_site_name":"G\u00fcrseller Kozmetik","og_image":[{"width":800,"height":800,"url":"https:\/\/gurseller.com\/wp-content\/uploads\/2023\/08\/awwa-automat-9kg-beyaz-renkli-showcase.webp","type":"image\/webp"}],"twitter_card":"summary_large_image","schema":{"@context":"https:\/\/schema.org","@graph":[{"@type":"WebPage","@id":"https:\/\/gurseller.com\/ar\/urunler\/%d8%a3%d9%88%d9%88%d8%a7-%d8%a3%d9%88%d8%aa%d9%88%d9%85%d8%a7%d8%aa%d9%8a%d9%83-%d8%a3%d8%a8%d9%8a%d8%b6-%d9%88%d8%a3%d9%84%d9%88%d8%a7%d9%86-9-%d9%83%d9%8a%d9%84%d9%88\/","url":"https:\/\/gurseller.com\/ar\/urunler\/%d8%a3%d9%88%d9%88%d8%a7-%d8%a3%d9%88%d8%aa%d9%88%d9%85%d8%a7%d8%aa%d9%8a%d9%83-%d8%a3%d8%a8%d9%8a%d8%b6-%d9%88%d8%a3%d9%84%d9%88%d8%a7%d9%86-9-%d9%83%d9%8a%d9%84%d9%88\/","name":"\u0639\u0648\u0627 \u0623\u0648\u062a\u0648\u0645\u0627\u062a \u0623\u0628\u064a\u0636 \u0648\u0623\u0644\u0648\u0627\u0646 9 \u0643\u062c\u0645 - G\u00fcrseller Kozmetik","isPartOf":{"@id":"https:\/\/gurseller.com\/ar\/#website"},"datePublished":"2023-08-24T06:58:23+00:00","dateModified":"2023-08-24T06:58:23+00:00","breadcrumb":{"@id":"https:\/\/gurseller.com\/ar\/urunler\/%d8%a3%d9%88%d9%88%d8%a7-%d8%a3%d9%88%d8%aa%d9%88%d9%85%d8%a7%d8%aa%d9%8a%d9%83-%d8%a3%d8%a8%d9%8a%d8%b6-%d9%88%d8%a3%d9%84%d9%88%d8%a7%d9%86-9-%d9%83%d9%8a%d9%84%d9%88\/#breadcrumb"},"inLanguage":"ar","potentialAction":[{"@type":"ReadAction","target":["https:\/\/gurseller.com\/ar\/urunler\/%d8%a3%d9%88%d9%88%d8%a7-%d8%a3%d9%88%d8%aa%d9%88%d9%85%d8%a7%d8%aa%d9%8a%d9%83-%d8%a3%d8%a8%d9%8a%d8%b6-%d9%88%d8%a3%d9%84%d9%88%d8%a7%d9%86-9-%d9%83%d9%8a%d9%84%d9%88\/"]}]},{"@type":"BreadcrumbList","@id":"https:\/\/gurseller.com\/ar\/urunler\/%d8%a3%d9%88%d9%88%d8%a7-%d8%a3%d9%88%d8%aa%d9%88%d9%85%d8%a7%d8%aa%d9%8a%d9%83-%d8%a3%d8%a8%d9%8a%d8%b6-%d9%88%d8%a3%d9%84%d9%88%d8%a7%d9%86-9-%d9%83%d9%8a%d9%84%d9%88\/#breadcrumb","itemListElement":[{"@type":"ListItem","position":1,"name":"Anasayfa","item":"https:\/\/gurseller.com\/ar\/"},{"@type":"ListItem","position":2,"name":"\u00dcr\u00fcnler","item":"https:\/\/gurseller.com\/urunler\/"},{"@type":"ListItem","position":3,"name":"\u0639\u0648\u0627 \u0623\u0648\u062a\u0648\u0645\u0627\u062a \u0623\u0628\u064a\u0636 \u0648\u0623\u0644\u0648\u0627\u0646 9 \u0643\u062c\u0645"}]},{"@type":"WebSite","@id":"https:\/\/gurseller.com\/ar\/#website","url":"https:\/\/gurseller.com\/ar\/","name":"G\u00fcrseller Kozmetik","description":"Yap\u0131m A\u015famas\u0131nday\u0131z!","potentialAction":[{"@type":"SearchAction","target":{"@type":"EntryPoint","urlTemplate":"https:\/\/gurseller.com\/ar\/?s={search_term_string}"},"query-input":"required name=search_term_string"}],"inLanguage":"ar"}]}},"_links":{"self":[{"href":"https:\/\/gurseller.com\/ar\/wp-json\/wp\/v2\/product\/1298","targetHints":{"allow":["GET"]}}],"collection":[{"href":"https:\/\/gurseller.com\/ar\/wp-json\/wp\/v2\/product"}],"about":[{"href":"https:\/\/gurseller.com\/ar\/wp-json\/wp\/v2\/types\/product"}],"replies":[{"embeddable":true,"href":"https:\/\/gurseller.com\/ar\/wp-json\/wp\/v2\/comments?post=1298"}],"wp:featuredmedia":[{"embeddable":true,"href":"https:\/\/gurseller.com\/ar\/wp-json\/wp\/v2\/media\/1278"}],"wp:attachment":[{"href":"https:\/\/gurseller.com\/ar\/wp-json\/wp\/v2\/media?parent=1298"}],"wp:term":[{"taxonomy":"product_cat","embeddable":true,"href":"https:\/\/gurseller.com\/ar\/wp-json\/wp\/v2\/product_cat?post=1298"},{"taxonomy":"product_tag","embeddable":true,"href":"https:\/\/gurseller.com\/ar\/wp-json\/wp\/v2\/product_tag?post=1298"}],"curies":[{"name":"wp","href":"https:\/\/api.w.org\/{rel}","templated":true}]}}